{"id":5368,"date":"2024-09-20T05:56:40","date_gmt":"2024-09-20T04:56:40","guid":{"rendered":"http:\/\/arthotel-koeln.de\/?page_id=5368"},"modified":"2024-09-25T06:06:43","modified_gmt":"2024-09-25T05:06:43","slug":"zimmer","status":"publish","type":"page","link":"http:\/\/arthotel-koeln.de\/index.php\/zimmer\/","title":{"rendered":"Zimmer"},"content":{"rendered":"\t\t<div data-elementor-type=\"wp-page\" data-elementor-id=\"5368\" class=\"elementor elementor-5368\" data-elementor-post-type=\"page\">\n\t\t\t\t        <section class=\"elementor-section elementor-top-section elementor-element elementor-element-c2ad841 elementor-section-boxed elementor-section-height-default elementor-section-height-default ct-header-fixed-none ct-row-max-none\" data-id=\"c2ad841\" data-element_type=\"section\">\n            \n                        <div class=\"elementor-container elementor-column-gap-default \">\n                    <div class=\"elementor-column elementor-col-100 elementor-top-column elementor-element elementor-element-1bafe86\" data-id=\"1bafe86\" data-element_type=\"column\">\n        <div class=\"elementor-widget-wrap elementor-element-populated\">\n                    \n                <section class=\"elementor-section elementor-inner-section elementor-element elementor-element-793a12e elementor-section-boxed elementor-section-height-default elementor-section-height-default ct-header-fixed-none ct-row-max-none\" data-id=\"793a12e\" data-element_type=\"section\">\n            \n                        <div class=\"elementor-container elementor-column-gap-extended \">\n                    <div class=\"elementor-column elementor-col-100 elementor-inner-column elementor-element elementor-element-eebdddf elementor-invisible\" data-id=\"eebdddf\" data-element_type=\"column\" data-settings=\"{&quot;background_background&quot;:&quot;classic&quot;,&quot;animation&quot;:&quot;fadeInRight&quot;}\">\n        <div class=\"elementor-widget-wrap elementor-element-populated\">\n                    \n        \t\t<div class=\"elementor-element elementor-element-30ce8fe elementor-widget elementor-widget-ct_text_editor\" data-id=\"30ce8fe\" data-element_type=\"widget\" data-widget_type=\"ct_text_editor.default\">\n\t\t\t\t<div class=\"elementor-widget-container\">\n\t\t\t<div id=\"ct_text_editor-30ce8fe\" class=\"ct-text-editor \" data-wow-delay=\"ms\">\n\t<div class=\"ct-inline-css\"  data-css=\"\n        \t\t\">\n\n    <\/div>\n\t<div class=\"ct-text-editor elementor-clearfix\">\n\t\t<p>Alle unsere 16 Zimmer (Raucher &amp; Nichtraucherzimmer) sind in modernem Stil f\u00fcr Sie liebevoll und zweckm\u00e4\u00dfig eingerichtet.<\/p><p>\u00a0<\/p><p id=\"u955-5\">Sollten Sie einen l\u00e4ngeren Aufenthalt planen, halten Sie R\u00fccksprache mit uns, gerne k\u00f6nnen wir hier Sonderkonditionen gew\u00e4hren.<\/p><p id=\"u955-6\">\u00a0<\/p><p id=\"u955-8\">Auch f\u00fcr geplante Familienfeiern k\u00f6nnen wir bei gr\u00f6\u00dferem Reservierungsumfang Sonderpreise geben.<\/p><p id=\"u955-9\">\u00a0<\/p><p id=\"u955-11\">Kommen Sie einfach bei uns vorbei und machen Sie sich ein pers\u00f6nliches Bild von unserem Hause.<\/p><p id=\"u955-12\">\u00a0<\/p><p id=\"u955-14\">Haustiere sind willkommen, hierf\u00fcr berechnen wir \u20ac 10,00 pro Tag<\/p><p id=\"u955-15\">\u00a0<\/p><p id=\"u955-17\">Zustellbett und\/oder Babybett k\u00f6nnen gegen einen geringen Aufpreis von \u20ac 15,00 zur Verf\u00fcgung gestellt werde<\/p>\t\t\n\t<\/div>\n<\/div>\t\t<\/div>\n\t\t\t\t<\/div>\n\t\t\t\t<div class=\"elementor-element elementor-element-b658376 elementor-align-left elementor-widget elementor-widget-ct_button\" data-id=\"b658376\" data-element_type=\"widget\" data-widget_type=\"ct_button.default\">\n\t\t\t\t<div class=\"elementor-widget-container\">\n\t\t\t<div class=\"ct-button-wrapper ct-button-layout1 icon- btn--inline \">\r\n            <span class=\"ct-icon-active\"><\/span>\r\n        <a href=\"http:\/\/arthotel-koeln.de\/index.php\/contact-v-4\/\" class=\"btn btn-default icon-active btn-inline-block  \" data-wow-delay=\"ms\">\r\n                            <span class=\"ct-button-icon ct-align-icon-\">\r\n                            <\/span>\r\n                <span class=\"ct-button-text\">Buchen Sie Ihr Zimmer<\/span>\r\n    <\/a>\r\n<\/div>\t\t<\/div>\n\t\t\t\t<\/div>\n\t\t            <\/div>\n        <\/div>\n                    <\/div>\n        <\/section>\n                    <\/div>\n        <\/div>\n                    <\/div>\n        <\/section>\n                <section class=\"elementor-section elementor-top-section elementor-element elementor-element-8dfd1e1 elementor-section-boxed elementor-section-height-default elementor-section-height-default ct-header-fixed-none ct-row-max-none\" data-id=\"8dfd1e1\" data-element_type=\"section\">\n            \n                        <div class=\"elementor-container elementor-column-gap-default \">\n                    <div class=\"elementor-column elementor-col-50 elementor-top-column elementor-element elementor-element-82573c0 elementor-invisible\" data-id=\"82573c0\" data-element_type=\"column\" data-settings=\"{&quot;animation&quot;:&quot;zoomIn&quot;}\">\n        <div class=\"elementor-widget-wrap elementor-element-populated\">\n                    \n        \t\t<div class=\"elementor-element elementor-element-3447847 elementor-widget elementor-widget-image\" data-id=\"3447847\" data-element_type=\"widget\" data-widget_type=\"image.default\">\n\t\t\t\t<div class=\"elementor-widget-container\">\n\t\t\t<style>\/*! elementor - v3.23.0 - 05-08-2024 *\/\n.elementor-widget-image{text-align:center}.elementor-widget-image a{display:inline-block}.elementor-widget-image a img[src$=\".svg\"]{width:48px}.elementor-widget-image img{vertical-align:middle;display:inline-block}<\/style>\t\t\t\t\t\t\t\t\t\t<img fetchpriority=\"high\" decoding=\"async\" width=\"300\" height=\"191\" src=\"http:\/\/arthotel-koeln.de\/wp-content\/uploads\/2024\/09\/eingefugtes-bild-300x191-2.jpg\" class=\"attachment-full size-full wp-image-5506\" alt=\"\" \/>\t\t\t\t\t\t\t\t\t\t\t\t\t<\/div>\n\t\t\t\t<\/div>\n\t\t            <\/div>\n        <\/div>\n                <div class=\"elementor-column elementor-col-50 elementor-top-column elementor-element elementor-element-12a3c40 elementor-invisible\" data-id=\"12a3c40\" data-element_type=\"column\" data-settings=\"{&quot;animation&quot;:&quot;zoomIn&quot;}\">\n        <div class=\"elementor-widget-wrap elementor-element-populated\">\n                    \n        \t\t<div class=\"elementor-element elementor-element-dd877c7 elementor-widget elementor-widget-image\" data-id=\"dd877c7\" data-element_type=\"widget\" data-widget_type=\"image.default\">\n\t\t\t\t<div class=\"elementor-widget-container\">\n\t\t\t\t\t\t\t\t\t\t\t\t\t<img decoding=\"async\" width=\"300\" height=\"191\" src=\"http:\/\/arthotel-koeln.de\/wp-content\/uploads\/2024\/09\/eingefugtes-bild-300x1912-2.jpg\" class=\"attachment-full size-full wp-image-5505\" alt=\"\" \/>\t\t\t\t\t\t\t\t\t\t\t\t\t<\/div>\n\t\t\t\t<\/div>\n\t\t            <\/div>\n        <\/div>\n                    <\/div>\n        <\/section>\n                <section class=\"elementor-section elementor-top-section elementor-element elementor-element-8dbe2ac elementor-section-boxed elementor-section-height-default elementor-section-height-default ct-header-fixed-none ct-row-max-none\" data-id=\"8dbe2ac\" data-element_type=\"section\">\n            \n                        <div class=\"elementor-container elementor-column-gap-default \">\n                    <div class=\"elementor-column elementor-col-50 elementor-top-column elementor-element elementor-element-d877b86 elementor-invisible\" data-id=\"d877b86\" data-element_type=\"column\" data-settings=\"{&quot;animation&quot;:&quot;zoomIn&quot;}\">\n        <div class=\"elementor-widget-wrap elementor-element-populated\">\n                    \n        \t\t<div class=\"elementor-element elementor-element-91bed18 elementor-widget elementor-widget-image\" data-id=\"91bed18\" data-element_type=\"widget\" data-widget_type=\"image.default\">\n\t\t\t\t<div class=\"elementor-widget-container\">\n\t\t\t\t\t\t\t\t\t\t\t\t\t<img decoding=\"async\" width=\"300\" height=\"191\" src=\"http:\/\/arthotel-koeln.de\/wp-content\/uploads\/2024\/09\/eingefugtes-bild-300x1913-2.jpg\" class=\"attachment-full size-full wp-image-5504\" alt=\"\" \/>\t\t\t\t\t\t\t\t\t\t\t\t\t<\/div>\n\t\t\t\t<\/div>\n\t\t            <\/div>\n        <\/div>\n                <div class=\"elementor-column elementor-col-50 elementor-top-column elementor-element elementor-element-c8f9050 elementor-invisible\" data-id=\"c8f9050\" data-element_type=\"column\" data-settings=\"{&quot;animation&quot;:&quot;zoomIn&quot;}\">\n        <div class=\"elementor-widget-wrap elementor-element-populated\">\n                    \n        \t\t<div class=\"elementor-element elementor-element-82393fb elementor-widget elementor-widget-image\" data-id=\"82393fb\" data-element_type=\"widget\" data-widget_type=\"image.default\">\n\t\t\t\t<div class=\"elementor-widget-container\">\n\t\t\t\t\t\t\t\t\t\t\t\t\t<img loading=\"lazy\" decoding=\"async\" width=\"300\" height=\"191\" src=\"http:\/\/arthotel-koeln.de\/wp-content\/uploads\/2024\/09\/eingefugtes-bild-300x1914-2.jpg\" class=\"attachment-full size-full wp-image-5503\" alt=\"\" \/>\t\t\t\t\t\t\t\t\t\t\t\t\t<\/div>\n\t\t\t\t<\/div>\n\t\t            <\/div>\n        <\/div>\n                    <\/div>\n        <\/section>\n        \t\t<\/div>\n\t\t","protected":false},"excerpt":{"rendered":"<p>Alle unsere 16 Zimmer (Raucher &amp; Nichtraucherzimmer) sind in modernem Stil f\u00fcr Sie liebevoll und zweckm\u00e4\u00dfig eingerichtet. \u00a0 Sollten Sie einen l\u00e4ngeren Aufenthalt planen, halten Sie R\u00fccksprache mit uns, gerne k\u00f6nnen wir hier Sonderkonditionen gew\u00e4hren. \u00a0 Auch f\u00fcr geplante Familienfeiern k\u00f6nnen wir bei gr\u00f6\u00dferem Reservierungsumfang Sonderpreise geben. \u00a0 Kommen Sie einfach bei uns vorbei und [&hellip;]<\/p>\n","protected":false},"author":2,"featured_media":0,"parent":0,"menu_order":0,"comment_status":"closed","ping_status":"closed","template":"","meta":{"footnotes":""},"class_list":["post-5368","page","type-page","status-publish","hentry"],"_links":{"self":[{"href":"http:\/\/arthotel-koeln.de\/index.php\/wp-json\/wp\/v2\/pages\/5368","targetHints":{"allow":["GET"]}}],"collection":[{"href":"http:\/\/arthotel-koeln.de\/index.php\/wp-json\/wp\/v2\/pages"}],"about":[{"href":"http:\/\/arthotel-koeln.de\/index.php\/wp-json\/wp\/v2\/types\/page"}],"author":[{"embeddable":true,"href":"http:\/\/arthotel-koeln.de\/index.php\/wp-json\/wp\/v2\/users\/2"}],"replies":[{"embeddable":true,"href":"http:\/\/arthotel-koeln.de\/index.php\/wp-json\/wp\/v2\/comments?post=5368"}],"version-history":[{"count":10,"href":"http:\/\/arthotel-koeln.de\/index.php\/wp-json\/wp\/v2\/pages\/5368\/revisions"}],"predecessor-version":[{"id":5509,"href":"http:\/\/arthotel-koeln.de\/index.php\/wp-json\/wp\/v2\/pages\/5368\/revisions\/5509"}],"wp:attachment":[{"href":"http:\/\/arthotel-koeln.de\/index.php\/wp-json\/wp\/v2\/media?parent=5368"}],"curies":[{"name":"wp","href":"https:\/\/api.w.org\/{rel}","templated":true}]}}